{"id":388,"date":"2024-08-08T17:21:20","date_gmt":"2024-08-08T17:21:20","guid":{"rendered":"https:\/\/jamondor.com\/?page_id=388"},"modified":"2024-08-08T17:49:14","modified_gmt":"2024-08-08T17:49:14","slug":"legal-advice","status":"publish","type":"page","link":"https:\/\/jamondor.com\/en\/legal-advice\/","title":{"rendered":"Legal Advice"},"content":{"rendered":"\n<p>T\u00c9RMINOS Y CONDICIONES DE USO<\/p>\n\n\n\n<p style=\"font-size:30px\"><strong>1. Introducci\u00f3n<\/strong><\/p>\n\n\n\n<p><strong>1.1. <\/strong>Mediante el uso y el acceso a este sitio web y a las direcciones URL derivadas de WWW.JAMONDOR.COM (en adelante, los sitios web), usted otorga un contrato vinculante con JAMONDUL, S.L, su contrato con nosotros incluye su aceptaci\u00f3n a estos \u201cT\u00e9rminos y Condiciones de Uso\u201d, a nuestra \u201cPol\u00edtica de Privacidad\u201d y a nuestra \u201cPol\u00edtica de Cookies\u201d. Si no estuviera de acuerdo con cualquiera de los t\u00e9rminos, por favor, le invitamos a que abandone los sitios web. Le rogamos que lea detenidamente las presentes condiciones antes de utilizar nuestra p\u00e1gina web.<\/p>\n\n\n\n<p><strong>1.2. Titularidad del sitio web.<\/strong><\/p>\n\n\n\n<p>Los sitios webs son titularidad de JAMONDUL, S.L, con sede social en C\/ CAMP RODAT, 5, POL. IND. LES ERES, BENAGUACIL (VALENCIA), con NIF B-96342969, n\u00famero de tel\u00e9fono 962730617 y correo electr\u00f3nico: ADMINISTRACION@JAMONDOR.COM.<\/p>\n\n\n\n<p>JAMONDUL, S.L es una sociedad inscrita en el Registro Mercantil de Valencia n\u00ba 4, Libro 2430, Tomo 5122, Folio 50, Hoja V-39761.<br>Las empresas que ejercen la actividad de fabricaci\u00f3n o producci\u00f3n propia de la industria alimentaria, incluyendo la actividad de almacenamiento, est\u00e1n sujetas a autorizaci\u00f3n administrativa. JAMONDUL, S.L est\u00e1 inscrita en el Registro General Sanitario de Empresas Alimentarias y Alimentos (RGSEAA) dependiente de la Agencia Espa\u00f1ola de Consumo, Seguridad Alimentaria y Nutrici\u00f3n. Esta actividad cuenta con autorizaci\u00f3n administrativa cuyos datos son los siguientes:<\/p>\n\n\n\n<ul class=\"wp-block-list\">\n<li><strong>Tipo de autorizaci\u00f3n:<\/strong> Inscripci\u00f3n en el Registro Sanitario de Empresas y Alimentos (RGSEAA).<\/li>\n\n\n\n<li><strong>Datos de autorizaci\u00f3n:<\/strong> 10.13252\/V.<\/li>\n\n\n\n<li><strong>Relaci\u00f3n de categor\u00edas y Actividades Inscritas: <\/strong>Envasados-productos c\u00e1rnicos.<\/li>\n\n\n\n<li><strong>Datos de autorizaci\u00f3n:<\/strong> 40.21301\/V.<\/li>\n\n\n\n<li><strong>Relaci\u00f3n de categor\u00edas y Actividades Inscritas: <\/strong>Almacenamiento-Frigor\u00edfico de productos de origen animal. Almacenamiento-Polivalente. Actividades espec\u00edficas: Envasado de productos de origen animal.<\/li>\n\n\n\n<li><strong>Organismo de Supervisi\u00f3n:<\/strong> Agencia espa\u00f1ola de seguridad alimentaria y nutrici\u00f3n. Ministerio de Consumo.<\/li>\n<\/ul>\n\n\n\n<p><br><strong>1.3. Obligatoriedad y disponibilidad de los T\u00e9rminos y Condiciones de Uso<\/strong><\/p>\n\n\n\n<p>JAMONDUL, S.L le indica que es obligaci\u00f3n del usuario leer los presentes \u201cT\u00e9rminos y Condiciones de Uso\u201d, consider\u00e1ndose vigentes y por lo tanto aplicables, recomendando a los usuarios imprimir o guardar una copia de los presentes \u201cT\u00e9rminos y Condiciones de Uso\u201d para posteriormente tener conocimiento de los mismos, si bien los mismos estar\u00e1n en todo momento disponibles en la p\u00e1gina web (WWW.JAMONDOR.COM). Todas las condiciones pueden ser almacenadas y reproducidas por los usuarios\/clientes a trav\u00e9s de cualquier herramienta de los procesadores de texto convencionales en el mercado.<\/p>\n\n\n\n<p><strong>1.4. Edad m\u00ednima para poder usar y navegar los sitios web de JAMONDUL, S.L.<\/strong><\/p>\n\n\n\n<p>Para poder usar y navegar los sitios web de JAMONDUL, S.L, el Usuario debe (a) tener 18 o m\u00e1s a\u00f1os; o tratarse de un menor emancipado; o, trat\u00e1ndose de un menor no emancipado, contar con el consentimiento paterno o de su tutor o representante legal a estos t\u00e9rminos, (b) tener capacidad para otorgar un contrato vinculante con nosotros y que ninguna ley aplicable lo proh\u00edbe. El Usuario tambi\u00e9n garantiza que toda informaci\u00f3n que proporcione a JAMONDUL, S.L sea veraz, precisa y completa, y acepta que as\u00ed sea en todo momento.<\/p>\n\n\n\n<p style=\"font-size:30px\"><strong>2. Objeto<\/strong><\/p>\n\n\n\n<p>2.1. Es objeto de los presentes t\u00e9rminos de uso la navegaci\u00f3n, acceso y uso del portal y de su informaci\u00f3n (Browsing, es decir el ojear un espacio con el prop\u00f3sito de reconocer objetos en \u00e9l), est\u00e1 conducta f\u00e1ctica supone la aceptaci\u00f3n jur\u00eddica autom\u00e1tica y sin modificaci\u00f3n alguna, de los t\u00e9rminos, condiciones y advertencias recogidas en el presente texto. Las conductas descritas confieren la condici\u00f3n de usuario sin necesidad de firma convencional por parte del usuario, en cuanto a los t\u00e9rminos aqu\u00ed establecidos sin perjuicio de la aplicaci\u00f3n de las correspondientes normativas de obligado cumplimiento.<\/p>\n\n\n\n<p>Es obligaci\u00f3n de JAMONDUL, S.L advertir que, si el Usuario estuviera en desacuerdo con los t\u00e9rminos presentes en este documento, el usuario deber\u00e1 abstenerse de acceder a los sitios web, por lo que JAMONDUL, S.L le invita inmediatamente a abandonar este sitio web si est\u00e1 conforme a citada advertencia.<\/p>\n\n\n\n<p>2.2. El Usuario se declara como una persona f\u00edsica o jur\u00eddica, JAMONDUL, S.L declara, y el Usuario reconoce, que JAMONDUL, S.L proporciona gran diversidad de informaci\u00f3n, servicios y datos, asumiendo el usuario su responsabilidad en el uso correcto de los sitios web. Esta responsabilidad se extender\u00e1 a todos aquellos usos y pr\u00e1cticas que realice el usuario dentro de los sitios web, as\u00ed como el uso de la informaci\u00f3n, servicios y datos ofrecidos por JAMONDUL, S.L.<\/p>\n\n\n\n<p style=\"font-size:30px\"><strong>3. Directrices del Usuario<\/strong><\/p>\n\n\n\n<p>Hemos establecido una serie de normas b\u00e1sicas para que el usuario pueda seguirlas cuando acceda a nuestros sitios web, as\u00ed como cuando contrate nuestros servicios. Por favor, siga estas normas:<br><br>3.1. Directrices de acceso a los sitios web<\/p>\n\n\n\n<p>3.1.1. Para acceder a los sitios web, el Usuario debe contar con un acceso y conexi\u00f3n a la Red Internet, abonar las tarifas de acceso, tener el equipo\/dispositivo y los sistemas electr\u00f3nicos necesarios para realizar la conexi\u00f3n a la red, incluyendo un terminal que sea adecuado al efecto (ordenador, tel\u00e9fono, tablet, etc\u2026) y un modem u otro dispositivo de acceso an\u00e1logo o similar.<\/p>\n\n\n\n<p>3.1.2. El Usuario conoce que el correcto acceso y uso de determinados contenidos y servicios de los sitios web, puede implicar la descarga en sus dispositivos inform\u00e1ticos de determinados programas de ordenador u otros elementos l\u00f3gicos. El Usuario es el \u00fanico responsable por la instalaci\u00f3n de citados elementos, declinando JAMONDUL, S.L cualquier tipo de responsabilidad que de ello pudiera derivar.<\/p>\n\n\n\n<p>3.2. Directrices de utilizaci\u00f3n de los sitios web por el usuario<\/p>\n\n\n\n<p>3.2.1. El usuario se obliga a llevar a cabo una utilizaci\u00f3n de los sitios web, sus condiciones, servicios que se pudieran ofrecer, contenidos de conformidad con la Ley, la Moral, las buenas Costumbres y el orden p\u00fablico, no utiliz\u00e1ndolo contrariamente a los contenidos presentes en este texto, de forma lesiva para JAMONDUL, S.L o terceros, o que de cualquier forma pueda da\u00f1ar, inutilizar o deteriorar los sitios web o sus servicios, o impedir un normal disfrute de los sitios web por otros Usuarios.<\/p>\n\n\n\n<p>3.2.2. El usuario se abstendr\u00e1 de realizar acciones que da\u00f1en, interrumpan o generen errores en los sistemas de JAMONDUL, S.L, as\u00ed como introducir programas, virus, macros, applets, controles ActiveX o cualquier otro dispositivo l\u00f3gico o secuencia de caracteres que causen o sean susceptibles de causar cualquier tipo de alteraci\u00f3n en los sistemas inform\u00e1ticos.<\/p>\n\n\n\n<p>3.2.3 JAMONDUL, S.L se reserva el derecho a denegar o retirar el acceso, a los sitios web y\/o a los Servicios, en cualquier momento y sin necesidad de previo aviso a aquellos Usuarios que incumplan los t\u00e9rminos y condiciones de uso.<\/p>\n\n\n\n<p>3.3. Limitaci\u00f3n de responsabilidad de JAMONDUL, S.L por el uso de los sitios web.<\/p>\n\n\n\n<p>3.3.1. Los sitios web pueden albergar contenidos publicitarios o estar patrocinados. Los anunciantes y patrocinadores son los \u00fanicos responsables de asegurarse que el material remitido, para su inclusi\u00f3n en los sitios web, cumple con las leyes que en cada caso puedan ser de aplicaci\u00f3n. JAMONDUL, S.L no ser\u00e1 responsable de cualquier error, inexactitud o irregularidad que puedan contener los contenidos publicitarios o de los patrocinadores.<\/p>\n\n\n\n<p>3.3.2. JAMONDUL, S.L hace todos los esfuerzos necesarios para ofrecer la informaci\u00f3n contenida en los sitios web de forma veraz y sin errores tipogr\u00e1ficos. En el caso que en alg\u00fan momento se produjera alg\u00fan error de este tipo, ajeno en todo momento a la voluntad de JAMONDUL, S.L, se proceder\u00eda a la subsanaci\u00f3n de la errata a la mayor brevedad y se facilitar\u00e1 al Usuario la informaci\u00f3n y opciones establecidas en la legislaci\u00f3n vigente.<\/p>\n\n\n\n<p>3.3.3. JAMONDUL, S.L no ser\u00e1 responsable frente al Usuario, en cuanto:<br>La eficacia en la conexi\u00f3n, as\u00ed como la velocidad de acceso, a los sitios web por el Usuario. Las interferencias, omisiones, interrupciones, virus inform\u00e1ticos, aver\u00edas telef\u00f3nicas o desconexiones en el funcionamiento operativo del sistema electr\u00f3nico por causas ajenas a JAMONDUL, S.L.<br>La informaci\u00f3n introducida por usuarios y terceras personas, ajenas a JAMONDUL, S.L y con los que no se mantenga ning\u00fan tipo de acuerdo ni colaboraci\u00f3n contractual.<\/p>\n\n\n\n<p style=\"font-size:30px\"><strong>4. Pol\u00edtica de enlaces y exenciones de responsabilidad<\/strong><\/p>\n\n\n\n<p>4.1 JAMONDUL, S.L no se hace responsable del contenido de las p\u00e1ginas web a las que el Usuario pueda acceder a trav\u00e9s de los enlaces establecidos en la plataforma y declara que en ning\u00fan caso proceder\u00e1 a examinar o ejercitar ning\u00fan tipo de control sobre el contenido de otras p\u00e1ginas de la red.<\/p>\n\n\n\n<p>Asimismo, tampoco garantizar\u00e1 la disponibilidad t\u00e9cnica, exactitud, veracidad, validez o legalidad de p\u00e1ginas ajenas a su propiedad a las que se pueda acceder por medio de los enlaces.<\/p>\n\n\n\n<p>4.2 JAMONDUL, S.L declara haber adoptado todas las medidas necesarias para evitar cualquier da\u00f1o que, a los Usuarios de sus sitios webs, pudieran derivarse de la navegaci\u00f3n por sus sitios webs. En consecuencia, JAMONDUL, S.L no se hace responsable, en ning\u00fan caso, de los eventuales da\u00f1os que por la navegaci\u00f3n por Internet pudiera sufrir el Usuario.<\/p>\n\n\n\n<p style=\"font-size:30px\"><strong>5. Vigencia del presente texto<\/strong><\/p>\n\n\n\n<p>5.1. JAMONDUL, S.L se reserva el derecho a realizar las modificaciones que considere oportunas, sin aviso previo, en el contenido del sitio web. Tanto en lo referente a los contenidos de los sitios, como en las condiciones de uso de la mismos. Dichas modificaciones podr\u00e1n realizarse, a trav\u00e9s del sitio web, por cualquier forma admisible en derecho y ser\u00e1n de obligado cumplimiento durante el tiempo en que exclusivamente se encuentren publicadas y a disposici\u00f3n en los sitios web y hasta que no sean modificadas por otras posteriores.<\/p>\n\n\n\n<p>5.2. JAMONDUL, S.L se reserva el derecho a actualizar el uso, t\u00e9rminos y condiciones aplicables a los sitios web. Siendo siempre de aplicaci\u00f3n, en beneficio del Usuario, los vigentes en el momento en que acceda al sitio web, as\u00ed como los vigentes a fecha de la posible solicitud de servicios, si fuera este el caso.<\/p>\n\n\n\n<p style=\"font-size:30px\"><strong>6. Propiedad intelectual e industrial.<\/strong><\/p>\n\n\n\n<p>6.1. Todos los textos, im\u00e1genes, contenidos, logos, marcas registradas o no, as\u00ed como los medios y formas de presentaci\u00f3n y montaje de los sitios web, son titularidad originaria o derivativamente de JAMONDUL, S.L. Consecuentemente son obras o contenidos protegidos como propiedad intelectual y\/o propiedad industrial por el ordenamiento jur\u00eddico espa\u00f1ol conforme al Real Decreto legislativo 1\/1996, de 12 de abril por el que se aprueba el Texto Refundido de la Ley de Propiedad intelectual y por la Ley 17\/2001, de 7 de diciembre, de Marcas, si\u00e9ndoles adem\u00e1s aplicables tanto la normativa espa\u00f1ola af\u00edn y comunitaria en los citados campos, como los tratados internacionales relativos a la materia y suscritos por Espa\u00f1a.<\/p>\n\n\n\n<p>6.2. Todos los derechos sobre los contenidos est\u00e1n reservados quedando prohibida expresamente la reproducci\u00f3n, distribuci\u00f3n, comunicaci\u00f3n p\u00fablica, transformaci\u00f3n y\/o cualquier modalidad de uso, de la totalidad o parte de los contenidos de los sitios web sin el consentimiento expreso de JAMONDUL, S.L.<\/p>\n\n\n\n<p style=\"font-size:30px\"><strong>7. Legislaci\u00f3n aplicable y jurisdicci\u00f3n.<\/strong><\/p>\n\n\n\n<p>7.1. JAMONDUL, S.L se reserva asimismo la facultad de presentar las acciones civiles o penales que considere oportunas por la utilizaci\u00f3n indebida de sus p\u00e1ginas web y contenidos, o por el incumplimiento de las presentes condiciones.<\/p>\n\n\n\n<p>7.2 Las partes acuerdan, de sus libres voluntades que la relaci\u00f3n entre el usuario y JAMONDUL, S.L se regir\u00e1 por la normativa espa\u00f1ola vigente y ser\u00e1n competentes para decidir sobre cualquier controversia que se pudiera suscitar entre el Usuario y JAMONDUL, S.L, los juzgados o tribunales de la ciudad de Ll\u00edria.<\/p>\n","protected":false},"excerpt":{"rendered":"<p>T\u00c9RMINOS Y CONDICIONES DE USO 1. Introducci\u00f3n 1.1. Mediante el [&hellip;]<\/p>\n","protected":false},"author":1,"featured_media":0,"parent":0,"menu_order":0,"comment_status":"closed","ping_status":"closed","template":"","meta":{"_acf_changed":false,"inline_featured_image":false,"site-sidebar-layout":"default","site-content-layout":"","ast-site-content-layout":"default","site-content-style":"default","site-sidebar-style":"default","ast-global-header-display":"","ast-banner-title-visibility":"","ast-main-header-display":"","ast-hfb-above-header-display":"","ast-hfb-below-header-display":"","ast-hfb-mobile-header-display":"","site-post-title":"","ast-breadcrumbs-content":"","ast-featured-img":"","footer-sml-layout":"","ast-disable-related-posts":"","theme-transparent-header-meta":"","adv-header-id-meta":"","stick-header-meta":"","header-above-stick-meta":"","header-main-stick-meta":"","header-below-stick-meta":"","astra-migrate-meta-layouts":"default","ast-page-background-enabled":"default","ast-page-background-meta":{"desktop":{"background-color":"var(--ast-global-color-4)","background-image":"","background-repeat":"repeat","background-position":"center center","background-size":"auto","background-attachment":"scroll","background-type":"","background-media":"","overlay-type":"","overlay-color":"","overlay-opacity":"","overlay-gradient":""},"tablet":{"background-color":"","background-image":"","background-repeat":"repeat","background-position":"center center","background-size":"auto","background-attachment":"scroll","background-type":"","background-media":"","overlay-type":"","overlay-color":"","overlay-opacity":"","overlay-gradient":""},"mobile":{"background-color":"","background-image":"","background-repeat":"repeat","background-position":"center center","background-size":"auto","background-attachment":"scroll","background-type":"","background-media":"","overlay-type":"","overlay-color":"","overlay-opacity":"","overlay-gradient":""}},"ast-content-background-meta":{"desktop":{"background-color":"var(--ast-global-color-5)","background-image":"","background-repeat":"repeat","background-position":"center center","background-size":"auto","background-attachment":"scroll","background-type":"","background-media":"","overlay-type":"","overlay-color":"","overlay-opacity":"","overlay-gradient":""},"tablet":{"background-color":"var(--ast-global-color-5)","background-image":"","background-repeat":"repeat","background-position":"center center","background-size":"auto","background-attachment":"scroll","background-type":"","background-media":"","overlay-type":"","overlay-color":"","overlay-opacity":"","overlay-gradient":""},"mobile":{"background-color":"var(--ast-global-color-5)","background-image":"","background-repeat":"repeat","background-position":"center center","background-size":"auto","background-attachment":"scroll","background-type":"","background-media":"","overlay-type":"","overlay-color":"","overlay-opacity":"","overlay-gradient":""}},"footnotes":""},"class_list":["post-388","page","type-page","status-publish","hentry"],"nelio_popups_active_popup":"","acf":[],"yoast_head":"<!-- This site is optimized with the Yoast SEO plugin v27.2 - https:\/\/yoast.com\/product\/yoast-seo-wordpress\/ -->\n<title>Legal Advice - Jamondor | Serrano &amp; Ib\u00e9rico<\/title>\n<meta name=\"robots\" content=\"index, follow, max-snippet:-1, max-image-preview:large, max-video-preview:-1\" \/>\n<link rel=\"canonical\" href=\"https:\/\/jamondor.com\/en\/legal-advice\/\" \/>\n<meta property=\"og:locale\" content=\"en_US\" \/>\n<meta property=\"og:type\" content=\"article\" \/>\n<meta property=\"og:title\" content=\"Legal Advice - Jamondor | Serrano &amp; Ib\u00e9rico\" \/>\n<meta property=\"og:description\" content=\"T\u00c9RMINOS Y CONDICIONES DE USO 1. Introducci\u00f3n 1.1. Mediante el [&hellip;]\" \/>\n<meta property=\"og:url\" content=\"https:\/\/jamondor.com\/en\/legal-advice\/\" \/>\n<meta property=\"og:site_name\" content=\"Jamondor | Serrano &amp; Ib\u00e9rico\" \/>\n<meta property=\"article:modified_time\" content=\"2024-08-08T17:49:14+00:00\" \/>\n<meta name=\"twitter:card\" content=\"summary_large_image\" \/>\n<meta name=\"twitter:label1\" content=\"Est. reading time\" \/>\n\t<meta name=\"twitter:data1\" content=\"10 minutes\" \/>\n<script type=\"application\/ld+json\" class=\"yoast-schema-graph\">{\"@context\":\"https:\/\/schema.org\",\"@graph\":[{\"@type\":\"WebPage\",\"@id\":\"https:\/\/jamondor.com\/en\/legal-advice\/\",\"url\":\"https:\/\/jamondor.com\/en\/legal-advice\/\",\"name\":\"Legal Advice - Jamondor | Serrano & Ib\u00e9rico\",\"isPartOf\":{\"@id\":\"https:\/\/jamondor.com\/en\/#website\"},\"datePublished\":\"2024-08-08T17:21:20+00:00\",\"dateModified\":\"2024-08-08T17:49:14+00:00\",\"breadcrumb\":{\"@id\":\"https:\/\/jamondor.com\/en\/legal-advice\/#breadcrumb\"},\"inLanguage\":\"en-US\",\"potentialAction\":[{\"@type\":\"ReadAction\",\"target\":[\"https:\/\/jamondor.com\/en\/legal-advice\/\"]}]},{\"@type\":\"BreadcrumbList\",\"@id\":\"https:\/\/jamondor.com\/en\/legal-advice\/#breadcrumb\",\"itemListElement\":[{\"@type\":\"ListItem\",\"position\":1,\"name\":\"Portada\",\"item\":\"https:\/\/jamondor.com\/en\/\"},{\"@type\":\"ListItem\",\"position\":2,\"name\":\"Legal Advice\"}]},{\"@type\":\"WebSite\",\"@id\":\"https:\/\/jamondor.com\/en\/#website\",\"url\":\"https:\/\/jamondor.com\/en\/\",\"name\":\"Jamondor | Serrano & Ib\u00e9rico\",\"description\":\"Serrano &amp; Ib\u00e9rico\",\"publisher\":{\"@id\":\"https:\/\/jamondor.com\/en\/#organization\"},\"potentialAction\":[{\"@type\":\"SearchAction\",\"target\":{\"@type\":\"EntryPoint\",\"urlTemplate\":\"https:\/\/jamondor.com\/en\/?s={search_term_string}\"},\"query-input\":{\"@type\":\"PropertyValueSpecification\",\"valueRequired\":true,\"valueName\":\"search_term_string\"}}],\"inLanguage\":\"en-US\"},{\"@type\":\"Organization\",\"@id\":\"https:\/\/jamondor.com\/en\/#organization\",\"name\":\"Jamondor | Serrano & Ib\u00e9rico\",\"url\":\"https:\/\/jamondor.com\/en\/\",\"logo\":{\"@type\":\"ImageObject\",\"inLanguage\":\"en-US\",\"@id\":\"https:\/\/jamondor.com\/en\/#\/schema\/logo\/image\/\",\"url\":\"https:\/\/jamondor.com\/wp-content\/uploads\/2024\/08\/imagen_de_perfil_youtube_-_jamondor_1.webp\",\"contentUrl\":\"https:\/\/jamondor.com\/wp-content\/uploads\/2024\/08\/imagen_de_perfil_youtube_-_jamondor_1.webp\",\"width\":480,\"height\":480,\"caption\":\"Jamondor | Serrano & Ib\u00e9rico\"},\"image\":{\"@id\":\"https:\/\/jamondor.com\/en\/#\/schema\/logo\/image\/\"},\"sameAs\":[\"https:\/\/www.linkedin.com\/company\/jamondul-sl\/\"]}]}<\/script>\n<!-- \/ Yoast SEO plugin. -->","yoast_head_json":{"title":"Legal Advice - Jamondor | Serrano & Ib\u00e9rico","robots":{"index":"index","follow":"follow","max-snippet":"max-snippet:-1","max-image-preview":"max-image-preview:large","max-video-preview":"max-video-preview:-1"},"canonical":"https:\/\/jamondor.com\/en\/legal-advice\/","og_locale":"en_US","og_type":"article","og_title":"Legal Advice - Jamondor | Serrano & Ib\u00e9rico","og_description":"T\u00c9RMINOS Y CONDICIONES DE USO 1. Introducci\u00f3n 1.1. Mediante el [&hellip;]","og_url":"https:\/\/jamondor.com\/en\/legal-advice\/","og_site_name":"Jamondor | Serrano & Ib\u00e9rico","article_modified_time":"2024-08-08T17:49:14+00:00","twitter_card":"summary_large_image","twitter_misc":{"Est. reading time":"10 minutes"},"schema":{"@context":"https:\/\/schema.org","@graph":[{"@type":"WebPage","@id":"https:\/\/jamondor.com\/en\/legal-advice\/","url":"https:\/\/jamondor.com\/en\/legal-advice\/","name":"Legal Advice - Jamondor | Serrano & Ib\u00e9rico","isPartOf":{"@id":"https:\/\/jamondor.com\/en\/#website"},"datePublished":"2024-08-08T17:21:20+00:00","dateModified":"2024-08-08T17:49:14+00:00","breadcrumb":{"@id":"https:\/\/jamondor.com\/en\/legal-advice\/#breadcrumb"},"inLanguage":"en-US","potentialAction":[{"@type":"ReadAction","target":["https:\/\/jamondor.com\/en\/legal-advice\/"]}]},{"@type":"BreadcrumbList","@id":"https:\/\/jamondor.com\/en\/legal-advice\/#breadcrumb","itemListElement":[{"@type":"ListItem","position":1,"name":"Portada","item":"https:\/\/jamondor.com\/en\/"},{"@type":"ListItem","position":2,"name":"Legal Advice"}]},{"@type":"WebSite","@id":"https:\/\/jamondor.com\/en\/#website","url":"https:\/\/jamondor.com\/en\/","name":"Jamondor | Serrano & Ib\u00e9rico","description":"Serrano &amp; Ib\u00e9rico","publisher":{"@id":"https:\/\/jamondor.com\/en\/#organization"},"potentialAction":[{"@type":"SearchAction","target":{"@type":"EntryPoint","urlTemplate":"https:\/\/jamondor.com\/en\/?s={search_term_string}"},"query-input":{"@type":"PropertyValueSpecification","valueRequired":true,"valueName":"search_term_string"}}],"inLanguage":"en-US"},{"@type":"Organization","@id":"https:\/\/jamondor.com\/en\/#organization","name":"Jamondor | Serrano & Ib\u00e9rico","url":"https:\/\/jamondor.com\/en\/","logo":{"@type":"ImageObject","inLanguage":"en-US","@id":"https:\/\/jamondor.com\/en\/#\/schema\/logo\/image\/","url":"https:\/\/jamondor.com\/wp-content\/uploads\/2024\/08\/imagen_de_perfil_youtube_-_jamondor_1.webp","contentUrl":"https:\/\/jamondor.com\/wp-content\/uploads\/2024\/08\/imagen_de_perfil_youtube_-_jamondor_1.webp","width":480,"height":480,"caption":"Jamondor | Serrano & Ib\u00e9rico"},"image":{"@id":"https:\/\/jamondor.com\/en\/#\/schema\/logo\/image\/"},"sameAs":["https:\/\/www.linkedin.com\/company\/jamondul-sl\/"]}]}},"_links":{"self":[{"href":"https:\/\/jamondor.com\/en\/wp-json\/wp\/v2\/pages\/388","targetHints":{"allow":["GET"]}}],"collection":[{"href":"https:\/\/jamondor.com\/en\/wp-json\/wp\/v2\/pages"}],"about":[{"href":"https:\/\/jamondor.com\/en\/wp-json\/wp\/v2\/types\/page"}],"author":[{"embeddable":true,"href":"https:\/\/jamondor.com\/en\/wp-json\/wp\/v2\/users\/1"}],"replies":[{"embeddable":true,"href":"https:\/\/jamondor.com\/en\/wp-json\/wp\/v2\/comments?post=388"}],"version-history":[{"count":6,"href":"https:\/\/jamondor.com\/en\/wp-json\/wp\/v2\/pages\/388\/revisions"}],"predecessor-version":[{"id":412,"href":"https:\/\/jamondor.com\/en\/wp-json\/wp\/v2\/pages\/388\/revisions\/412"}],"wp:attachment":[{"href":"https:\/\/jamondor.com\/en\/wp-json\/wp\/v2\/media?parent=388"}],"curies":[{"name":"wp","href":"https:\/\/api.w.org\/{rel}","templated":true}]}}