{"id":1411,"date":"2024-08-02T11:40:24","date_gmt":"2024-08-02T11:40:24","guid":{"rendered":"https:\/\/jamondor.com\/privacy-policy\/"},"modified":"2024-10-14T15:42:10","modified_gmt":"2024-10-14T15:42:10","slug":"politica-de-privacidad","status":"publish","type":"page","link":"https:\/\/jamondor.com\/es\/politica-de-privacidad\/","title":{"rendered":"Pol\u00edtica de privacidad"},"content":{"rendered":"\n<p><strong>1. Informaci\u00f3n adicional sobre protecci\u00f3n de datos.<\/strong><\/p>\n\n<p>1.1. La presente pol\u00edtica de privacidad est\u00e1 redactada conforme lo dispuesto en el REGLAMENTO (UE) 2016\/679 DEL PARLAMENTO EUROPEO Y DEL CONSEJO relativo a la protecci\u00f3n de las personas f\u00edsicas en lo que respecta al tratamiento de datos personales y a la libre circulaci\u00f3n de estos y en la Ley Org\u00e1nica 3\/2018, de 5 de diciembre, de Protecci\u00f3n de Datos Personales y garant\u00eda de los derechos digitales. JAMONDUL, S.L da informaci\u00f3n al Usuario de los sitios web WWW.JAMONDOR.COM y derivados (en adelante sitios web) sobre protecci\u00f3n de datos en un formato f\u00e1cilmente entendible pregunta- repuesta:  <\/p>\n\n<p><strong>\u00bfQui\u00e9n es el Responsable del tratamiento de sus datos?<\/strong><\/p>\n\n<p><strong>Identidad: <\/strong>JAMONDUL, S.L<br\/><strong>Direcci\u00f3n postal: <\/strong>C\/ CAMP RODAT, 5, POL. IND. LES ERES, BENAGUACIL (VALENCIA)  <br\/><strong>Tel\u00e9fono: <\/strong>962730617<br\/><strong>Correo electr\u00f3nico: <\/strong>ADMINISTRACION@JAMONDOR.COM<br\/><br\/><strong>\u00bfCon qu\u00e9 finalidad tratamos sus datos personales?<\/strong><\/p>\n\n<p>JAMONDUL, S.L trata la informaci\u00f3n que nos facilita con la finalidad de responder las consultas realizadas a trav\u00e9s de cualquiera de las formas de contacto que se ponen a disposici\u00f3n del usuario en el sitio web de WWW.JAMONDOR.COM.<\/p>\n\n<p>No se llevar\u00e1n a cabo decisiones automatizadas, como por ejemplo la elaboraci\u00f3n de perfiles para ofertar servicios o productos, salvo lo dispuesto en la Pol\u00edtica de Cookies. En el caso de que esto tuviera lugar, le informaremos de la l\u00f3gica aplicada, as\u00ed como de la importancia y las consecuencias previstas de dicho tratamiento para usted. <br\/><br\/><strong>\u00bfPor cu\u00e1nto tiempo conservaremos sus datos?<\/strong><\/p>\n\n<p>Si usted ha realizado alguna consulta o petici\u00f3n de informaci\u00f3n a trav\u00e9s de los medios de contacto habilitados en la web conservaremos sus datos durante el tiempo estrictamente necesario para la resoluci\u00f3n de dicha consulta y en cualquier caso durante el plazo m\u00e1ximo de un a\u00f1o desde la recogida de los datos.<br\/><br\/><strong>\u00bfCu\u00e1l es la legitimaci\u00f3n para el tratamiento de sus datos?<\/strong><\/p>\n\n<p>Cuando usted nos realiza una consulta a trav\u00e9s de las formas de contacto habilitadas en nuestra web, estamos legitimados para el tratamiento de sus datos por el consentimiento que usted nos da aceptando nuestra pol\u00edtica de privacidad.<br\/><br\/><strong>\u00bfA qu\u00e9 destinatarios se comunicar\u00e1n sus datos?<\/strong><\/p>\n\n<p>No est\u00e1 previsto ceder sus datos a terceros, salvo por obligaci\u00f3n legal.<\/p>\n\n<p>Existen tambi\u00e9n empresas a las que JAMONDUL, S.L no les cede datos, pero que nos prestan diferentes servicios, implicando estos servicios el alojamiento de datos de car\u00e1cter personal por parte de dichas empresas o el acceso puntual por su parte a los mismos. Estas empresas que act\u00faan como encargados del tratamiento de los datos y con quienes hemos firmado un contrato para garantizar la seguridad de los datos de car\u00e1cter personal son: <\/p>\n\n<p>*Servicios inform\u00e1ticos: Diferentes empresas nos prestan el servicio de alojamiento de nuestros correos electr\u00f3nicos, el de nuestra p\u00e1gina web corporativa y el del software de registro de jornada. Tambi\u00e9n se encargan del servicio de mantenimiento de los equipos inform\u00e1ticos, del de nuestro software y de la p\u00e1gina web corporativa; as\u00ed como del servicio de ciberseguridad de todos los datos recopilados en la entidad, entre otros servicios inform\u00e1ticos. <\/p>\n\n<p>Se realizan transferencias internacionales de datos a GOOGLE, LLC. al utilizar la aplicaci\u00f3n de correos electr\u00f3nicos, GMAIL. Esta empresa opera a nivel mundial y tiene su centro de datos principal en EEUU. Se realiza esta transferencia internacional con las debidas garant\u00edas ya que se ha firmado con GOOGLE, LLC. la cl\u00e1usula contractual tipo basada en la Decisi\u00f3n 2021\/914\/UE de 4 de junio de 2021 de la Comisi\u00f3n Europea para realizar transferencias a encargados ubicados fuera del EEE. Usted puede obtener una copia de la cl\u00e1usula citada solicit\u00e1ndola en el e-mail ADMINISTRACION@JAMONDOR.COM.     <\/p>\n\n<p><strong>\u00bfCu\u00e1les son sus derechos cuando nos facilita sus datos?<\/strong><\/p>\n\n<ul class=\"wp-block-list\">\n<li>El interesado tiene derecho a obtener confirmaci\u00f3n sobre si en JAMONDUL, S.L estamos tratando datos personales que le conciernan, o no.<\/li>\n\n\n\n<li>El interesado tiene derecho a acceder a sus datos personales, as\u00ed como a solicitar la rectificaci\u00f3n de los datos inexactos o, en su caso, solicitar su supresi\u00f3n cuando, entre otros motivos, los datos ya no sean necesarios para los fines que fueron recogidos.<\/li>\n\n\n\n<li>El interesado podr\u00e1 solicitar la limitaci\u00f3n del tratamiento de sus datos, en cuyo caso \u00fanicamente los conservaremos para el ejercicio o la defensa de reclamaciones.<\/li>\n\n\n\n<li>Igualmente, en determinadas circunstancias y por motivos relacionados con su situaci\u00f3n particular, los interesados podr\u00e1n oponerse al tratamiento de sus datos, as\u00ed como a retirarnos el consentimiento para el tratamiento de los mismos. JAMONDUL, S.L dejar\u00e1 de tratar los datos, salvo por motivos leg\u00edtimos imperiosos, o el ejercicio o la defensa de posibles reclamaciones. <\/li>\n\n\n\n<li>El interesado tendr\u00e1 derecho a recibir los datos personales que le incumban, que nos haya facilitado, en un formato estructurado, de uso com\u00fan y lectura mec\u00e1nica, y a transmitirlos a otro responsable del tratamiento sin que lo impida el responsable al que se los hubiera facilitado.<\/li>\n\n\n\n<li>El interesado tiene derecho a no ser objeto de una decisi\u00f3n automatizada basada \u00fanicamente en el tratamiento de sus datos, incluida la elaboraci\u00f3n de perfiles, que produzca efectos jur\u00eddicos sobre usted o le afecte significativamente de forma similar. Sobre esta elaboraci\u00f3n de perfiles, se trata de cualquier forma de tratamiento de sus datos personales que eval\u00fae aspectos personales, en particular analizar o predecir aspectos relacionados con su rendimiento en el trabajo, situaci\u00f3n econ\u00f3mica, salud, las preferencias o intereses personales, fiabilidad o el comportamiento. <\/li>\n<\/ul>\n\n<p>Para ejercitar estos derechos puede dirigir un escrito con su petici\u00f3n a la siguiente direcci\u00f3n: C\/ CAMP RODAT, 5, POL. IND. LES ERES, BENAGUACIL (VALENCIA), o la siguiente direcci\u00f3n de correo electr\u00f3nico: ADMINISTRACION@JAMONDOR.COM y nos pondremos en contacto con usted para indicarle los pasos a seguir para ejercer sus derechos en protecci\u00f3n de datos. De igual modo le informamos que puede presentar una reclamaci\u00f3n ante la Agencia Espa\u00f1ola de Protecci\u00f3n de Datos, especialmente si no viera satisfechos el ejercicio de sus derechos.   <\/p>\n\n<p><br\/>Datos de contacto de la Agencia Espa\u00f1ola de Protecci\u00f3n de Datos:<\/p>\n\n<p>Direcci\u00f3n: <strong>C\/ JORGE JUAN, 6, 28001 (MADRID)<\/strong><br\/>Tel\u00e9fonos de contacto: <strong>901 100 099 &#8211; 912 663 517<\/strong><br\/>P\u00e1gina web: <strong>www.aepd.es<\/strong><\/p>\n\n<p>1.2. El mero acceso a los sitios web, as\u00ed como de todo o parte de sus contenidos y servicios, implica la aceptaci\u00f3n sin reservas de la presente pol\u00edtica de privacidad, tambi\u00e9n aplicable previamente a la posible contrataci\u00f3n de los servicios que JAMONDUL, S.L ponga a disposici\u00f3n de los clientes. Esta pol\u00edtica de privacidad es de aceptaci\u00f3n y cumplimiento obligatorio, previamente al acceso y a la posible contrataci\u00f3n en los sitios web.  <\/p>\n\n<p>1.3. Usted acepta que la navegaci\u00f3n por el sitio web es un acto de libre manifestaci\u00f3n de voluntad para la recogida y tratamiento de datos en JAMONDUL, S.L. podr\u00e1 libremente realizar cambios en la pol\u00edtica de privacidad de los sitios webs, se indicar\u00e1n dichos cambios en la presente declaraci\u00f3n sobre privacidad, as\u00ed como en cualquier otro lugar que consideremos apropiado para que usted sea consciente de la informaci\u00f3n recopilada, c\u00f3mo la tratamos y en qu\u00e9 circunstancias, en su caso, la comunicamos. <br\/><br\/>1.4. Los sitios web titularidad de JAMONDUL, S.L solo pueden ser utilizados por mayores de 18 a\u00f1os o por aquellas personas que sean menores de edad emancipados; en caso contrario, todas aquellas personas menores de edad no emancipadas deber\u00e1n contar con la previa autorizaci\u00f3n de los padres o tutores y representantes legales autorizando el registro y comunicaci\u00f3n de datos personales. <\/p>\n\n<p><strong>2. Recogida de datos en la posible contrataci\u00f3n de servicios de JAMONDUL, S.L<\/strong><\/p>\n\n<p>2.1. En el momento de la aceptaci\u00f3n de las condiciones de contrataci\u00f3n de los servicios de JAMONDUL, S.L \u00e9sta precisar\u00e1 la recogida de unos datos b\u00e1sicos e imprescindibles para la prestaci\u00f3n de los servicios. Los mencionados datos son nombre y apellidos reales, domicilio, c\u00f3digo postal, localidad, DNI, un correo electr\u00f3nico v\u00e1lido, as\u00ed como otra informaci\u00f3n que sea relevante a efecto contractuales sobre su persona y representaci\u00f3n. En cada momento, el usuario ser\u00e1 informado del car\u00e1cter necesario de la recogida de tales datos para la correcta gesti\u00f3n de la prestaci\u00f3n de servicios.   <\/p>\n\n<p>2.2. Asimismo, para la prestaci\u00f3n de los servicios, JAMONDUL, S.L podr\u00e1 solicitar al usuario una serie de datos complementarios a trav\u00e9s de asistencia en persona o telef\u00f3nicamente, para lo que ser\u00e1 informado, en su momento, de la recogida y tratamiento de los mismos. <\/p>\n\n<p>2.3. Siempre que JAMONDUL, S.L solicite el n\u00famero de una cuenta corriente bancaria del cliente que desee contratar nuestros servicios, lo har\u00e1 de forma cifrada y cumpliendo el m\u00e1s estricto deber de confidencialidad. <\/p>\n\n<p>2.4. Para una mejor prestaci\u00f3n de servicios, usted autoriza a que JAMONDUL, S.L tenga el derecho de verificar, investigar y\/o comprobar los datos proporcionados. Usted acepta que JAMONDUL, S.L podr\u00e1 revelar sus datos personales, cumpliendo con lo exigido en un procedimiento u orden judicial o en un proceso legal. Adem\u00e1s, usted acepta que, si JAMONDUL, S.L vende parte o toda la empresa o se fusiona con otra, pueda revelar su informaci\u00f3n a los nuevos socios comerciales.   <\/p>\n\n<p><strong>3. Limitaci\u00f3n de responsabilidad<\/strong><\/p>\n\n<p>JAMONDUL, S.L es responsable \u00fanicamente de la informaci\u00f3n que solicita y recaba de los usuarios que deseen contratar, no teniendo responsabilidad en ning\u00fan momento de toda otra informaci\u00f3n personal que, de manera eventual, pudiera cederse, transmitirse o facilitarse por los propios usuarios de los sitios web mediante cualquier otro mecanismo.<\/p>\n\n<p><strong>4. Garant\u00eda de calidad de datos<\/strong><\/p>\n\n<p>Usted garantiza que los datos proporcionados son verdaderos, exactos, completos y actualizados, siendo responsable de cualquier da\u00f1o o perjuicio, directo o indirecto, que pudiera ocasionarse como consecuencia del incumplimiento de tal obligaci\u00f3n tanto a JAMONDUL, S.L como a terceros.<br\/><br\/><strong>5. Consentimiento para el cumplimiento de la LSSI-CE<\/strong><\/p>\n\n<p>5.1 En cumplimiento de la Ley 34\/2002, de 11 de julio, de Servicios de la Sociedad de la Informaci\u00f3n y Comercio Electr\u00f3nico, JAMONDUL, S.L solicitar\u00e1 y el usuario podr\u00e1 prestar su consentimiento para que, si as\u00ed lo desea, JAMONDUL, S.L pueda hacer uso de sus datos con el fin de enviarle informaci\u00f3n y publicidad tanto sobre el sitio web como las diferentes ofertas, promociones especiales y terceros prestadores del servicio.<\/p>\n\n<p>5.2 JAMONDUL, S.L, con el objetivo de garantizar la seguridad y confidencialidad de sus datos personales, ha adoptado las medidas de seguridad pertinentes y ha instalado los medios t\u00e9cnicos, a su alcance, para evitar la p\u00e9rdida, mal uso, alteraci\u00f3n, acceso no autorizado y robo de los datos personales facilitados a JAMONDUL, S.L.<\/p>\n","protected":false},"excerpt":{"rendered":"<p>1. Informaci\u00f3n adicional sobre protecci\u00f3n de datos. 1.1. La presente [&hellip;]<\/p>\n","protected":false},"author":1,"featured_media":0,"parent":0,"menu_order":0,"comment_status":"closed","ping_status":"closed","template":"","meta":{"_acf_changed":false,"inline_featured_image":false,"site-sidebar-layout":"default","site-content-layout":"","ast-site-content-layout":"default","site-content-style":"default","site-sidebar-style":"default","ast-global-header-display":"","ast-banner-title-visibility":"","ast-main-header-display":"","ast-hfb-above-header-display":"","ast-hfb-below-header-display":"","ast-hfb-mobile-header-display":"","site-post-title":"","ast-breadcrumbs-content":"","ast-featured-img":"","footer-sml-layout":"","ast-disable-related-posts":"","theme-transparent-header-meta":"","adv-header-id-meta":"","stick-header-meta":"","header-above-stick-meta":"","header-main-stick-meta":"","header-below-stick-meta":"","astra-migrate-meta-layouts":"default","ast-page-background-enabled":"default","ast-page-background-meta":{"desktop":{"background-color":"var(--ast-global-color-4)","background-image":"","background-repeat":"repeat","background-position":"center center","background-size":"auto","background-attachment":"scroll","background-type":"","background-media":"","overlay-type":"","overlay-color":"","overlay-opacity":"","overlay-gradient":""},"tablet":{"background-color":"","background-image":"","background-repeat":"repeat","background-position":"center center","background-size":"auto","background-attachment":"scroll","background-type":"","background-media":"","overlay-type":"","overlay-color":"","overlay-opacity":"","overlay-gradient":""},"mobile":{"background-color":"","background-image":"","background-repeat":"repeat","background-position":"center center","background-size":"auto","background-attachment":"scroll","background-type":"","background-media":"","overlay-type":"","overlay-color":"","overlay-opacity":"","overlay-gradient":""}},"ast-content-background-meta":{"desktop":{"background-color":"var(--ast-global-color-5)","background-image":"","background-repeat":"repeat","background-position":"center center","background-size":"auto","background-attachment":"scroll","background-type":"","background-media":"","overlay-type":"","overlay-color":"","overlay-opacity":"","overlay-gradient":""},"tablet":{"background-color":"var(--ast-global-color-5)","background-image":"","background-repeat":"repeat","background-position":"center center","background-size":"auto","background-attachment":"scroll","background-type":"","background-media":"","overlay-type":"","overlay-color":"","overlay-opacity":"","overlay-gradient":""},"mobile":{"background-color":"var(--ast-global-color-5)","background-image":"","background-repeat":"repeat","background-position":"center center","background-size":"auto","background-attachment":"scroll","background-type":"","background-media":"","overlay-type":"","overlay-color":"","overlay-opacity":"","overlay-gradient":""}},"footnotes":""},"class_list":["post-1411","page","type-page","status-publish","hentry"],"nelio_popups_active_popup":"","acf":[],"yoast_head":"<!-- This site is optimized with the Yoast SEO plugin v27.2 - https:\/\/yoast.com\/product\/yoast-seo-wordpress\/ -->\n<title>Pol\u00edtica de privacidad - Jamondor | Serrano &amp; Ib\u00e9rico<\/title>\n<meta name=\"robots\" content=\"index, follow, max-snippet:-1, max-image-preview:large, max-video-preview:-1\" \/>\n<link rel=\"canonical\" href=\"https:\/\/jamondor.com\/es\/politica-de-privacidad\/\" \/>\n<meta property=\"og:locale\" content=\"es_ES\" \/>\n<meta property=\"og:type\" content=\"article\" \/>\n<meta property=\"og:title\" content=\"Pol\u00edtica de privacidad - Jamondor | Serrano &amp; Ib\u00e9rico\" \/>\n<meta property=\"og:description\" content=\"1. Informaci\u00f3n adicional sobre protecci\u00f3n de datos. 1.1. La presente [&hellip;]\" \/>\n<meta property=\"og:url\" content=\"https:\/\/jamondor.com\/es\/politica-de-privacidad\/\" \/>\n<meta property=\"og:site_name\" content=\"Jamondor | Serrano &amp; Ib\u00e9rico\" \/>\n<meta property=\"article:modified_time\" content=\"2024-10-14T15:42:10+00:00\" \/>\n<meta name=\"twitter:card\" content=\"summary_large_image\" \/>\n<meta name=\"twitter:label1\" content=\"Tiempo de lectura\" \/>\n\t<meta name=\"twitter:data1\" content=\"8 minutos\" \/>\n<script type=\"application\/ld+json\" class=\"yoast-schema-graph\">{\"@context\":\"https:\/\/schema.org\",\"@graph\":[{\"@type\":\"WebPage\",\"@id\":\"https:\/\/jamondor.com\/es\/politica-de-privacidad\/\",\"url\":\"https:\/\/jamondor.com\/es\/politica-de-privacidad\/\",\"name\":\"Pol\u00edtica de privacidad - Jamondor | Serrano & Ib\u00e9rico\",\"isPartOf\":{\"@id\":\"https:\/\/jamondor.com\/es\/#website\"},\"datePublished\":\"2024-08-02T11:40:24+00:00\",\"dateModified\":\"2024-10-14T15:42:10+00:00\",\"breadcrumb\":{\"@id\":\"https:\/\/jamondor.com\/es\/politica-de-privacidad\/#breadcrumb\"},\"inLanguage\":\"es\",\"potentialAction\":[{\"@type\":\"ReadAction\",\"target\":[\"https:\/\/jamondor.com\/es\/politica-de-privacidad\/\"]}]},{\"@type\":\"BreadcrumbList\",\"@id\":\"https:\/\/jamondor.com\/es\/politica-de-privacidad\/#breadcrumb\",\"itemListElement\":[{\"@type\":\"ListItem\",\"position\":1,\"name\":\"Portada\",\"item\":\"https:\/\/jamondor.com\/es\/\"},{\"@type\":\"ListItem\",\"position\":2,\"name\":\"Pol\u00edtica de privacidad\"}]},{\"@type\":\"WebSite\",\"@id\":\"https:\/\/jamondor.com\/es\/#website\",\"url\":\"https:\/\/jamondor.com\/es\/\",\"name\":\"Jamondor | Serrano & Ib\u00e9rico\",\"description\":\"Serrano &amp; Ib\u00e9rico\",\"publisher\":{\"@id\":\"https:\/\/jamondor.com\/es\/#organization\"},\"potentialAction\":[{\"@type\":\"SearchAction\",\"target\":{\"@type\":\"EntryPoint\",\"urlTemplate\":\"https:\/\/jamondor.com\/es\/?s={search_term_string}\"},\"query-input\":{\"@type\":\"PropertyValueSpecification\",\"valueRequired\":true,\"valueName\":\"search_term_string\"}}],\"inLanguage\":\"es\"},{\"@type\":\"Organization\",\"@id\":\"https:\/\/jamondor.com\/es\/#organization\",\"name\":\"Jamondor | Serrano & Ib\u00e9rico\",\"url\":\"https:\/\/jamondor.com\/es\/\",\"logo\":{\"@type\":\"ImageObject\",\"inLanguage\":\"es\",\"@id\":\"https:\/\/jamondor.com\/es\/#\/schema\/logo\/image\/\",\"url\":\"https:\/\/jamondor.com\/wp-content\/uploads\/2024\/08\/imagen_de_perfil_youtube_-_jamondor_1.webp\",\"contentUrl\":\"https:\/\/jamondor.com\/wp-content\/uploads\/2024\/08\/imagen_de_perfil_youtube_-_jamondor_1.webp\",\"width\":480,\"height\":480,\"caption\":\"Jamondor | Serrano & Ib\u00e9rico\"},\"image\":{\"@id\":\"https:\/\/jamondor.com\/es\/#\/schema\/logo\/image\/\"},\"sameAs\":[\"https:\/\/www.linkedin.com\/company\/jamondul-sl\/\"]}]}<\/script>\n<!-- \/ Yoast SEO plugin. -->","yoast_head_json":{"title":"Pol\u00edtica de privacidad - Jamondor | Serrano & Ib\u00e9rico","robots":{"index":"index","follow":"follow","max-snippet":"max-snippet:-1","max-image-preview":"max-image-preview:large","max-video-preview":"max-video-preview:-1"},"canonical":"https:\/\/jamondor.com\/es\/politica-de-privacidad\/","og_locale":"es_ES","og_type":"article","og_title":"Pol\u00edtica de privacidad - Jamondor | Serrano & Ib\u00e9rico","og_description":"1. Informaci\u00f3n adicional sobre protecci\u00f3n de datos. 1.1. La presente [&hellip;]","og_url":"https:\/\/jamondor.com\/es\/politica-de-privacidad\/","og_site_name":"Jamondor | Serrano & Ib\u00e9rico","article_modified_time":"2024-10-14T15:42:10+00:00","twitter_card":"summary_large_image","twitter_misc":{"Tiempo de lectura":"8 minutos"},"schema":{"@context":"https:\/\/schema.org","@graph":[{"@type":"WebPage","@id":"https:\/\/jamondor.com\/es\/politica-de-privacidad\/","url":"https:\/\/jamondor.com\/es\/politica-de-privacidad\/","name":"Pol\u00edtica de privacidad - Jamondor | Serrano & Ib\u00e9rico","isPartOf":{"@id":"https:\/\/jamondor.com\/es\/#website"},"datePublished":"2024-08-02T11:40:24+00:00","dateModified":"2024-10-14T15:42:10+00:00","breadcrumb":{"@id":"https:\/\/jamondor.com\/es\/politica-de-privacidad\/#breadcrumb"},"inLanguage":"es","potentialAction":[{"@type":"ReadAction","target":["https:\/\/jamondor.com\/es\/politica-de-privacidad\/"]}]},{"@type":"BreadcrumbList","@id":"https:\/\/jamondor.com\/es\/politica-de-privacidad\/#breadcrumb","itemListElement":[{"@type":"ListItem","position":1,"name":"Portada","item":"https:\/\/jamondor.com\/es\/"},{"@type":"ListItem","position":2,"name":"Pol\u00edtica de privacidad"}]},{"@type":"WebSite","@id":"https:\/\/jamondor.com\/es\/#website","url":"https:\/\/jamondor.com\/es\/","name":"Jamondor | Serrano & Ib\u00e9rico","description":"Serrano &amp; Ib\u00e9rico","publisher":{"@id":"https:\/\/jamondor.com\/es\/#organization"},"potentialAction":[{"@type":"SearchAction","target":{"@type":"EntryPoint","urlTemplate":"https:\/\/jamondor.com\/es\/?s={search_term_string}"},"query-input":{"@type":"PropertyValueSpecification","valueRequired":true,"valueName":"search_term_string"}}],"inLanguage":"es"},{"@type":"Organization","@id":"https:\/\/jamondor.com\/es\/#organization","name":"Jamondor | Serrano & Ib\u00e9rico","url":"https:\/\/jamondor.com\/es\/","logo":{"@type":"ImageObject","inLanguage":"es","@id":"https:\/\/jamondor.com\/es\/#\/schema\/logo\/image\/","url":"https:\/\/jamondor.com\/wp-content\/uploads\/2024\/08\/imagen_de_perfil_youtube_-_jamondor_1.webp","contentUrl":"https:\/\/jamondor.com\/wp-content\/uploads\/2024\/08\/imagen_de_perfil_youtube_-_jamondor_1.webp","width":480,"height":480,"caption":"Jamondor | Serrano & Ib\u00e9rico"},"image":{"@id":"https:\/\/jamondor.com\/es\/#\/schema\/logo\/image\/"},"sameAs":["https:\/\/www.linkedin.com\/company\/jamondul-sl\/"]}]}},"_links":{"self":[{"href":"https:\/\/jamondor.com\/es\/wp-json\/wp\/v2\/pages\/1411","targetHints":{"allow":["GET"]}}],"collection":[{"href":"https:\/\/jamondor.com\/es\/wp-json\/wp\/v2\/pages"}],"about":[{"href":"https:\/\/jamondor.com\/es\/wp-json\/wp\/v2\/types\/page"}],"author":[{"embeddable":true,"href":"https:\/\/jamondor.com\/es\/wp-json\/wp\/v2\/users\/1"}],"replies":[{"embeddable":true,"href":"https:\/\/jamondor.com\/es\/wp-json\/wp\/v2\/comments?post=1411"}],"version-history":[{"count":2,"href":"https:\/\/jamondor.com\/es\/wp-json\/wp\/v2\/pages\/1411\/revisions"}],"predecessor-version":[{"id":1419,"href":"https:\/\/jamondor.com\/es\/wp-json\/wp\/v2\/pages\/1411\/revisions\/1419"}],"wp:attachment":[{"href":"https:\/\/jamondor.com\/es\/wp-json\/wp\/v2\/media?parent=1411"}],"curies":[{"name":"wp","href":"https:\/\/api.w.org\/{rel}","templated":true}]}}